{"id":69,"date":"2025-08-31T10:58:40","date_gmt":"2025-08-31T10:58:40","guid":{"rendered":"https:\/\/firedrill.es\/?post_type=product&#038;p=69"},"modified":"2026-04-13T11:47:12","modified_gmt":"2026-04-13T11:47:12","slug":"calor-de-lud","status":"publish","type":"product","link":"https:\/\/firedrill.es\/?product=calor-de-lud","title":{"rendered":"Calor de Lud"},"content":{"rendered":"<p>Desde sus clandestinos inicios, la escritura de Iain Sinclair ha ido ocupando silenciosamente una parte cada vez m\u00e1s importante del imaginario londinense. Hoy Sinclair es sin\u00f3nimo de estilo mordaz, ingenioso y l\u00edrico, al borde de la farsa y del absurdo, asociando una pr\u00e1ctica que envuelve, desbord\u00e1ndolo, el espacio literario. En Sinclair la obra es siempre algo m\u00e1s que su huella \u2013 escrita.<br \/>\nCon CALOR DE LUD, Iain Sinclair inaugur\u00f3, a mediados de los a\u00f1os 70, una nueva forma de escritura y pr\u00e1ctica po\u00e9tica, en la que las fronteras del genero (verso, prosa, documento, autobiograf\u00eda, deriva psicogeogr\u00e1fica, teurgia) dejan de ser operativas para dar paso a la obra po\u00e9tica total. Cuatro d\u00e9cadas despu\u00e9s de su publicaci\u00f3n a cargo de una modesta editorial casera, la influencia de CALOR DE LUD en la psique y en la cultura londinense no deja de crecer.<br \/>\nCALOR DE LUD nace del reconocimiento y de la conciencia aguda del poeta como conductor de energ\u00eda (calor). Esa conducci\u00f3n no se produce sin riesgo. Una buena parte del trabajo de escritor de Iain Sinclair consiste en transmutar el peligroso desgaste del cuerpo y del espacio urbano en el oro filos\u00f3fico de la escritura.<br \/>\nCuatro d\u00e9cadas despu\u00e9s de la primera edici\u00f3n de CALOR DE LUD, Fire Drill presenta la primera traducci\u00f3n integral al catellano de la emblem\u00e1tica obra de Iain Sinclair, que viene acompa\u00f1ada de un ensayo y un mapa de lectura a cargo de Adolfo Barber\u00e1.<\/p>\n","protected":false},"excerpt":{"rendered":"<p>Con CALOR DE LUD, Iain Sinclair inaugur\u00f3, a mediados de los a\u00f1os 70, una nueva forma de escritura y pr\u00e1ctica po\u00e9tica, en la que las fronteras del genero (verso, prosa, documento, autobiograf\u00eda, deriva psicogeogr\u00e1fica, teurgia) dejan de ser operativas para dar paso a la obra po\u00e9tica total. Cuatro d\u00e9cadas despu\u00e9s de su publicaci\u00f3n a cargo de una modesta editorial casera, la influencia de CALOR DE LUD en la psique y en la cultura londinense no deja de crecer.<\/p>\n","protected":false},"featured_media":70,"comment_status":"open","ping_status":"closed","template":"","meta":[],"product_brand":[],"product_cat":[21,22],"product_tag":[],"class_list":{"0":"post-69","1":"product","2":"type-product","3":"status-publish","4":"has-post-thumbnail","6":"product_cat-psicogeografia","7":"product_cat-sinclair","9":"first","10":"instock","11":"shipping-taxable","12":"purchasable","13":"product-type-simple"},"_links":{"self":[{"href":"https:\/\/firedrill.es\/index.php?rest_route=\/wp\/v2\/product\/69","targetHints":{"allow":["GET"]}}],"collection":[{"href":"https:\/\/firedrill.es\/index.php?rest_route=\/wp\/v2\/product"}],"about":[{"href":"https:\/\/firedrill.es\/index.php?rest_route=\/wp\/v2\/types\/product"}],"replies":[{"embeddable":true,"href":"https:\/\/firedrill.es\/index.php?rest_route=%2Fwp%2Fv2%2Fcomments&post=69"}],"wp:featuredmedia":[{"embeddable":true,"href":"https:\/\/firedrill.es\/index.php?rest_route=\/wp\/v2\/media\/70"}],"wp:attachment":[{"href":"https:\/\/firedrill.es\/index.php?rest_route=%2Fwp%2Fv2%2Fmedia&parent=69"}],"wp:term":[{"taxonomy":"product_brand","embeddable":true,"href":"https:\/\/firedrill.es\/index.php?rest_route=%2Fwp%2Fv2%2Fproduct_brand&post=69"},{"taxonomy":"product_cat","embeddable":true,"href":"https:\/\/firedrill.es\/index.php?rest_route=%2Fwp%2Fv2%2Fproduct_cat&post=69"},{"taxonomy":"product_tag","embeddable":true,"href":"https:\/\/firedrill.es\/index.php?rest_route=%2Fwp%2Fv2%2Fproduct_tag&post=69"}],"curies":[{"name":"wp","href":"https:\/\/api.w.org\/{rel}","templated":true}]}}