{"id":258,"date":"2025-12-08T16:23:17","date_gmt":"2025-12-08T16:23:17","guid":{"rendered":"https:\/\/firedrill.es\/?post_type=product&#038;p=258"},"modified":"2026-05-12T19:19:06","modified_gmt":"2026-05-12T19:19:06","slug":"cuaderno-de-viaje-2016-2023","status":"publish","type":"product","link":"https:\/\/firedrill.es\/?product=cuaderno-de-viaje-2016-2023","title":{"rendered":"Cuaderno de viaje (2016-2023)"},"content":{"rendered":"<p>El artista Jose Vicente Mart\u00edn inaugura la colecci\u00f3n Cuadernos de dibujo con <em>Cuaderno de viaje<\/em> (2016-2023), donde presenta una selecci\u00f3n de 29 dibujos dibujos realizados en sus viajes de los \u00faltimos a\u00f1os.<\/p>\n<p>Bilbao, Espa\u00f1a (02-02-2016); Berl\u00edn, Alemania (01-04-2016); Helsinki, Finlandia (30-08-2016); Vancouver, Canad\u00e1 (23-10-2016); Victoria, Canad\u00e1 (29-10-2016); Seattle, EE.UU. (02-11-2016); Oxford, Reino Unido (31-03-2017); Copenhague, Dinamarca (18-04-2017); Praga, Rep\u00fablica Checa (13-08-2017); Toronto, Canad\u00e1 (24-09-2017); Regina, Canad\u00e1 (26-09-2017); Cracovia, Polonia (06-04-2018); Ume\u00e5, Suecia (27-04-2018); Edimburgo, Reino Unido (20-08-2018); Montreal, Canad\u00e1 (26-09-2018); Halifax, Canad\u00e1 (29-09-2018); La Haya, Pa\u00edses Bajos (26-04-2019); Estocolmo, Suecia (07-08-2019); Viena, Austria (29-08-2019); Winnipeg, Canad\u00e1 (25-09-2019); Edmonton, Canad\u00e1 (29-09-2019); Nantes, Francia (31-12-2019); Burdeos, Francia (11-08-2022); St John&#8217;s, Canad\u00e1 (25-09-2022); Trout River, Canad\u00e1 (30-09-2022); La Palma, Espa\u00f1a (02-12-2022); Colonia (K\u00f6ln), Alemania (09-04-2023); Budapest, Hungr\u00eda (24-08-2023); Bratislava, Eslovaquia (27-08-2023).<\/p>\n<p>Mart\u00edn comparte la intimidad del viaje registrada en este cuaderno diar\u00edstico. <span style=\"font-weight: 400;\">El trazo del grafito refleja el momento, el tiempo necesario para atrapar una visi\u00f3n unida a la experiencia. <\/span>Un archivo de memoria y vida entre el an\u00e1lisis anal\u00edtico realista y la po\u00e9tica resoluci\u00f3n esquem\u00e1tica. <span style=\"font-weight: 400;\">Escenas urbanas contempor\u00e1neas entre el costumbrismo y el concepto dibujadas por un observador que disfruta del proceso. <\/span><span style=\"font-weight: 400;\">Su v<\/span>isi\u00f3n cinematogr\u00e1fica abarca desde las vistas panor\u00e1micas a primeros planos, vistas desde la ventana abierta y apuntes a pie de calle. Alejado de los iconos tur\u00edsticos, su atenci\u00f3n se centra en i<span style=\"font-weight: 400;\">glesias, estaciones, puentes, calles, plazas de estilos cl\u00e1sicos y vanguardistas.\u00a0<\/span><\/p>\n<p>Su trayectoria como artista se ha centrado en una pintura figurativa que pretende interrogarse sobre la naturaleza de lo real, registro que ha ido ampli\u00e1ndose progresivamente a otros medios art\u00edsticos como la escultura, el dibujo o la instalaci\u00f3n.<\/p>\n<p>Ha realizado distintas exposiciones individuales entre las que destacan las realizadas en la Galer\u00eda Buades de Madrid (1995), Club Diario Levante de Valencia (Bien vale la huida, 1993), Universidad de Valencia (El hombre menguante, 1995), la Galer\u00eda Cuatro de Valencia (Mentiras a medida, 1998), la Galer\u00eda Muelle 27 de Madrid (Mundo de J.V. Marjov, 2003), el Espai d\u2019Art \u201cLa Llotgeta\u201d de Valencia (Hom\u00fanculos y demonios, 2006), la Sala de exposiciones de la Lonja del Pescado en Alicante (Memorial, 2017) y la Universidad de Umea, Suecia (The end of the biography, 2018).<\/p>\n<p>Entre las exposiciones colectivas destacan la Muestra de Arte Joven (Madrid, 1993), Muelle de Levante (Valencia, 1994 \/ Madrid, 1995), Plural. El arte espa\u00f1ol ante el siglo XXI (Madrid, 2002) o Imago Mundi. Spain Identity \/ Modernity. Luciano Benetton Collection (M\u00e1laga-Venecia, 2015) entre otras muchas.<\/p>\n<p>Sus obras se encuentran en colecciones como la de las Cortes Valencianas en Valencia, la Colecci\u00f3n de Arte Contempor\u00e1neo La General de Granada o la Colecci\u00f3n de Arte Contempor\u00e1neo \u201cCiudad de Pamplona\u201d, entre otras. As\u00ed mismo su obra ha sido referenciada por cr\u00edticos de arte y te\u00f3ricos como Inocencio Galindo Juan Manuel Bonet, J.R. Danvila, Fernando Huici, Miguel Fern\u00e1ndez-Cid, Horacio Fern\u00e1ndez o Vicente Jarque.<\/p>\n","protected":false},"excerpt":{"rendered":"<p>Jos\u00e9 Vicente Mart\u00edn. Cuaderno de viaje (2016-2023)<br \/>\nISBN: 978-84-124595-7-9<br \/>\nFormato 21 x 15 cm<br \/>\n62 p\u00e1ginas<\/p>\n","protected":false},"featured_media":259,"comment_status":"open","ping_status":"closed","template":"","meta":[],"product_brand":[],"product_cat":[36],"product_tag":[],"class_list":{"0":"post-258","1":"product","2":"type-product","3":"status-publish","4":"has-post-thumbnail","6":"product_cat-cuaderno-de-dibujo","8":"first","9":"instock","10":"shipping-taxable","11":"purchasable","12":"product-type-simple"},"_links":{"self":[{"href":"https:\/\/firedrill.es\/index.php?rest_route=\/wp\/v2\/product\/258","targetHints":{"allow":["GET"]}}],"collection":[{"href":"https:\/\/firedrill.es\/index.php?rest_route=\/wp\/v2\/product"}],"about":[{"href":"https:\/\/firedrill.es\/index.php?rest_route=\/wp\/v2\/types\/product"}],"replies":[{"embeddable":true,"href":"https:\/\/firedrill.es\/index.php?rest_route=%2Fwp%2Fv2%2Fcomments&post=258"}],"wp:featuredmedia":[{"embeddable":true,"href":"https:\/\/firedrill.es\/index.php?rest_route=\/wp\/v2\/media\/259"}],"wp:attachment":[{"href":"https:\/\/firedrill.es\/index.php?rest_route=%2Fwp%2Fv2%2Fmedia&parent=258"}],"wp:term":[{"taxonomy":"product_brand","embeddable":true,"href":"https:\/\/firedrill.es\/index.php?rest_route=%2Fwp%2Fv2%2Fproduct_brand&post=258"},{"taxonomy":"product_cat","embeddable":true,"href":"https:\/\/firedrill.es\/index.php?rest_route=%2Fwp%2Fv2%2Fproduct_cat&post=258"},{"taxonomy":"product_tag","embeddable":true,"href":"https:\/\/firedrill.es\/index.php?rest_route=%2Fwp%2Fv2%2Fproduct_tag&post=258"}],"curies":[{"name":"wp","href":"https:\/\/api.w.org\/{rel}","templated":true}]}}