{"id":246,"date":"2025-10-22T14:47:52","date_gmt":"2025-10-22T14:47:52","guid":{"rendered":"https:\/\/firedrill.es\/?post_type=product&#038;p=246"},"modified":"2026-04-09T03:04:23","modified_gmt":"2026-04-09T03:04:23","slug":"vortices-de-iain-sinclair-calor-de-lud-heat","status":"publish","type":"product","link":"https:\/\/firedrill.es\/?product=vortices-de-iain-sinclair-calor-de-lud-heat","title":{"rendered":"V\u00f3rtices de Iain Sinclair: Calor de Lud Heat"},"content":{"rendered":"<p>El traductor al espa\u00f1ol de Lud Heat, Adolfo Barbera\u0301 Del Rosal, presenta el ensayoVo\u0301rtices de Iain Sinclair: Calor de Lud Heat para celebrar el 50 aniversario de su publicaci\u00f3n en Londres. El primer texto que se presenta se centra en las circunstancias que rodearon la publicaci\u00f3n de Lud Heat (Calor de Lud, Fire Drill, 2016) as\u00ed como su significaci\u00f3n epocal. A continuaci\u00f3n, se ofrece una mirada sobre la importancia del proceso de creaci\u00f3n f\u00edlmica de Iain Sinclair para su actividad creativa de aquellos a\u00f1os, tomando como punto nodal la pel\u00edcula Maggot\/Maggid Street. Para concluir, la tercera contribuci\u00f3n ilustra brevemente de qu\u00e9 manera la operaci\u00f3n oracular que inicia Lud Heat sigue funcionando en la obra de Iain Sinclair hasta el d\u00eda de hoy. Una pr\u00e1ctica inclasificable en la que materia literaria, materia f\u00edlmica y performance andan profundamente imbricadas. <\/p>\n<p>Con CALOR DE LUD, Iain Sinclair (Cardiff, 1943) inaugura una forma de escribir la ciudad que marcar\u00e1 un antes y un despu\u00e9s en la literatura brit\u00e1nica. Tras estudiar cine, literatura e historia del arte, se establece en los 60 en el barrio de Hackney, en el este de Londres. All\u00ed desarrolla desde entonces una singular labor de poeta, narrador, cr\u00edtico de arte, guionista, cineasta y performer, en la que la tradici\u00f3n de la poes\u00eda inglesa (Browne, Milton, Blake) y del Londres victoriano y g\u00f3tico se entrecruza con el cine europeo y con la poes\u00eda norteamericana de la segunda mitad del siglo XX. A partir de los 80 su obra empieza a alcanzar notoriedad, sobre todo con Donwriver (1991), Lights out for the territory (1997) y London Orbital (2002). En los \u00faltimos a\u00f1os, destacan The Last London: True Fictions from an Unreal City (2017), The Gold Machine \u2013 In the Tracks of the Mule Dancers (2021) y Pariah Genius (2024). Adem\u00e1s del augural CALOR DE LUD (Lud Heat, 1975), en su obra po\u00e9tica destacan los poemarios Back Garden Poems (1970), Muscat\u2019s Wurm, The Birth Rug (1973), Red Eye (2013), Westering (2015), Seeschlange (2016), junto a las antolog\u00edas Flesh Eggs and Scalp Metal: Selected Poems 1970\u20131987 (1987) y The Firewall: selected poems 1979\u20132006 (2006). Recientemente, aparecieron los poemarios Fever Hammer Yellow (2020) y Fifty Catacomb Saints (2022).<\/p>\n","protected":false},"excerpt":{"rendered":"<p>V\u00f3rtices de Iain Sinclair: Calor de Lud Heat<br \/>\nAdolfo Barber\u00e1<br \/>\nCol. Ensayo. Valencia. 2025. 64 pp. 21 x 15 cm. R\u00fastica.<\/p>\n","protected":false},"featured_media":247,"comment_status":"open","ping_status":"closed","template":"","meta":[],"product_brand":[],"product_cat":[35],"product_tag":[],"class_list":{"0":"post-246","1":"product","2":"type-product","3":"status-publish","4":"has-post-thumbnail","6":"product_cat-ensayo","8":"first","9":"instock","10":"shipping-taxable","11":"purchasable","12":"product-type-simple"},"_links":{"self":[{"href":"https:\/\/firedrill.es\/index.php?rest_route=\/wp\/v2\/product\/246","targetHints":{"allow":["GET"]}}],"collection":[{"href":"https:\/\/firedrill.es\/index.php?rest_route=\/wp\/v2\/product"}],"about":[{"href":"https:\/\/firedrill.es\/index.php?rest_route=\/wp\/v2\/types\/product"}],"replies":[{"embeddable":true,"href":"https:\/\/firedrill.es\/index.php?rest_route=%2Fwp%2Fv2%2Fcomments&post=246"}],"wp:featuredmedia":[{"embeddable":true,"href":"https:\/\/firedrill.es\/index.php?rest_route=\/wp\/v2\/media\/247"}],"wp:attachment":[{"href":"https:\/\/firedrill.es\/index.php?rest_route=%2Fwp%2Fv2%2Fmedia&parent=246"}],"wp:term":[{"taxonomy":"product_brand","embeddable":true,"href":"https:\/\/firedrill.es\/index.php?rest_route=%2Fwp%2Fv2%2Fproduct_brand&post=246"},{"taxonomy":"product_cat","embeddable":true,"href":"https:\/\/firedrill.es\/index.php?rest_route=%2Fwp%2Fv2%2Fproduct_cat&post=246"},{"taxonomy":"product_tag","embeddable":true,"href":"https:\/\/firedrill.es\/index.php?rest_route=%2Fwp%2Fv2%2Fproduct_tag&post=246"}],"curies":[{"name":"wp","href":"https:\/\/api.w.org\/{rel}","templated":true}]}}