{"id":153,"date":"2025-08-31T15:59:29","date_gmt":"2025-08-31T15:59:29","guid":{"rendered":"https:\/\/firedrill.es\/?post_type=product&#038;p=153"},"modified":"2026-04-17T18:49:58","modified_gmt":"2026-04-17T18:49:58","slug":"el-tiempo-vencido","status":"publish","type":"product","link":"https:\/\/firedrill.es\/?product=el-tiempo-vencido","title":{"rendered":"El tiempo vencido"},"content":{"rendered":"<p>Jaime Aledo recupera en su obra valores de \u00edndole conceptual de la tradici\u00f3n pict\u00f3rica olvidados por la modernidad, convirtiendo cada uno de sus cuadro en un acontecimiento minuciosamente tramado, pintado con una intenci\u00f3n muy precisa, recuperando la complejidad conceptual de la pintura.<br \/>\nEl modo de entender el cuadro como un artefacto cargado de sentido se hace patente en esta publicaci\u00f3n. Junto a su obra El Tiempo Vencido (2017) reunimos un conjunto de ensayos, bocetos, comentarios y documentaci\u00f3n \u2014que han formado parte del proceso de su gestaci\u00f3n\u2014, junto a un seguimiento fotogr\u00e1fico de su realizaci\u00f3n pict\u00f3rica.<br \/>\nJaime Aledo  (Cartagena, 1949) es doctor en Bellas Artes y licenciado en Filosof\u00eda y Letras. Ha sido Profesor Titular Facultad Bellas Artes Universidad de Madrid (1987-2017). Desde 1975 ha realizado numerosas exposiciones individuales y colectivas en las galer\u00edas Edurne, Seiquer, Ovidio, Estampa, Columela, Cruce y Luis Burgos. Su obra se encuentra representada en las colecciones publicas del Museo Nacional Centro de Arte Reina Sof\u00eda, Centro Gallego de Arte Contempor\u00e1neo, Instituto Valenciano de Arte Moderno o Graphische Sammlung Albertina. Ha impartido cursos y conferencias, publicado art\u00edculos en cat\u00e1logos de exposiciones y en revistas especializadas como Cruce, Goya o Arte y Parte. Tambi\u00e9n ha participado en diferentes proyectos vinculados con Fire Drill, como Derivas de la Figuraci\u00f3n Madrile\u00f1a o el Observatorio OFP.<br \/>\nAUTOR<br \/>\nJaime Aledo<br \/>\nPESO<br \/>\n250 g<br \/>\nDIMENSIONES<br \/>\n15.5 x 0.7 x 21 cm<\/p>\n","protected":false},"excerpt":{"rendered":"<p>El modo en el que Jaime Aledo entiende el cuadro como un artefacto cargado de sentido se hace patente en esta publicaci\u00f3n. Junto a su obra El Tiempo Vencido (2017) reunimos un conjunto de ensayos, bocetos, comentarios y documentaci\u00f3n \u2014que han formado parte del proceso de su gestaci\u00f3n\u2014, junto a un seguimiento fotogr\u00e1fico de su realizaci\u00f3n pict\u00f3rica.<\/p>\n","protected":false},"featured_media":154,"comment_status":"open","ping_status":"closed","template":"","meta":[],"product_brand":[],"product_cat":[15],"product_tag":[],"class_list":{"0":"post-153","1":"product","2":"type-product","3":"status-publish","4":"has-post-thumbnail","6":"product_cat-sin-categorizar","8":"first","9":"instock","10":"shipping-taxable","11":"purchasable","12":"product-type-simple"},"_links":{"self":[{"href":"https:\/\/firedrill.es\/index.php?rest_route=\/wp\/v2\/product\/153","targetHints":{"allow":["GET"]}}],"collection":[{"href":"https:\/\/firedrill.es\/index.php?rest_route=\/wp\/v2\/product"}],"about":[{"href":"https:\/\/firedrill.es\/index.php?rest_route=\/wp\/v2\/types\/product"}],"replies":[{"embeddable":true,"href":"https:\/\/firedrill.es\/index.php?rest_route=%2Fwp%2Fv2%2Fcomments&post=153"}],"wp:featuredmedia":[{"embeddable":true,"href":"https:\/\/firedrill.es\/index.php?rest_route=\/wp\/v2\/media\/154"}],"wp:attachment":[{"href":"https:\/\/firedrill.es\/index.php?rest_route=%2Fwp%2Fv2%2Fmedia&parent=153"}],"wp:term":[{"taxonomy":"product_brand","embeddable":true,"href":"https:\/\/firedrill.es\/index.php?rest_route=%2Fwp%2Fv2%2Fproduct_brand&post=153"},{"taxonomy":"product_cat","embeddable":true,"href":"https:\/\/firedrill.es\/index.php?rest_route=%2Fwp%2Fv2%2Fproduct_cat&post=153"},{"taxonomy":"product_tag","embeddable":true,"href":"https:\/\/firedrill.es\/index.php?rest_route=%2Fwp%2Fv2%2Fproduct_tag&post=153"}],"curies":[{"name":"wp","href":"https:\/\/api.w.org\/{rel}","templated":true}]}}