{"id":149,"date":"2025-08-31T15:54:17","date_gmt":"2025-08-31T15:54:17","guid":{"rendered":"https:\/\/firedrill.es\/?post_type=product&#038;p=149"},"modified":"2026-04-13T11:47:58","modified_gmt":"2026-04-13T11:47:58","slug":"simulacro-en-sucre","status":"publish","type":"product","link":"https:\/\/firedrill.es\/?product=simulacro-en-sucre","title":{"rendered":"Simulacro en sucre"},"content":{"rendered":"<p>La editorial Fire Drill en su sello Sur, que edita en Buenos Aires, publica el nuevo libro de Adolfo Barber\u00e1. Simulacro en Sucre es su segundo libro de poemas y, como en el caso del primero -El gobierno de los pies-, ya tuvimos un adelanto en las publicaciones del grupo. Adelaida e Invierno en Eritrea aparecieron en Mundos online y Simulacro en Sucre y En la ascensi\u00f3n en la versi\u00f3n en papel.<br \/>\nComo viene siendo habitual cuenta con la colaboraci\u00f3n del artista Paco de la Torre, con el que protagonizo su anterior aventura: el homenaje a Don Luis (de G\u00f3ngora) que dio como fruto su primera novela La Dama de los Manglares. De la Torre corona la portada con su dibujo Entrepierna: \u201cCon esas miradas que\/atraviesan sus\/Muslos Ah\u00ed parado\u201d<br \/>\nBarber\u00e1 retoma sus grandes temas: el tiempo, el lugar, el nombre, la voz, la imagen, el simulacro\u2026 Una poes\u00eda menos referencial y m\u00e1s traslucida, que dibuja im\u00e1genes de gran fuerza visual, t\u00faneles que nos conectan con sus anteriores obras.<br \/>\nSobre la manga el chorro de luz abre el segundo cap\u00edtulo, Invierno, en el que encontramos Histoire de Co, en sus diversas versiones, una de las semillas del proyecto en el que se encuentra inmerso con De la Torre. De nuevo una reflexi\u00f3n sobre la imagen y su aparici\u00f3n.<br \/>\nAUTOR\/ES<br \/>\nBarber\u00e1, Adolfo (1965- )<br \/>\nA\u00d1O<br \/>\n2004<br \/>\nDIMENSIONES<br \/>\n190 x 130 mm<br \/>\nPAGS.<br \/>\n64<br \/>\nISBN 13<br \/>\n987-21424-0-4<\/p>\n","protected":false},"excerpt":{"rendered":"<p>La editorial Fire Drill en su sello Sur, que edita en Buenos Aires, publica el nuevo libro de Adolfo Barber\u00e1. Simulacro en Sucre es su segundo libro de poemas y, como en el caso del primero -El gobierno de los pies-, ya tuvimos un adelanto en las publicaciones del grupo. Adelaida e Invierno en Eritrea [&hellip;]<\/p>\n","protected":false},"featured_media":150,"comment_status":"open","ping_status":"closed","template":"","meta":[],"product_brand":[],"product_cat":[15],"product_tag":[],"class_list":{"0":"post-149","1":"product","2":"type-product","3":"status-publish","4":"has-post-thumbnail","6":"product_cat-sin-categorizar","8":"first","9":"instock","10":"shipping-taxable","11":"purchasable","12":"product-type-simple"},"_links":{"self":[{"href":"https:\/\/firedrill.es\/index.php?rest_route=\/wp\/v2\/product\/149","targetHints":{"allow":["GET"]}}],"collection":[{"href":"https:\/\/firedrill.es\/index.php?rest_route=\/wp\/v2\/product"}],"about":[{"href":"https:\/\/firedrill.es\/index.php?rest_route=\/wp\/v2\/types\/product"}],"replies":[{"embeddable":true,"href":"https:\/\/firedrill.es\/index.php?rest_route=%2Fwp%2Fv2%2Fcomments&post=149"}],"wp:featuredmedia":[{"embeddable":true,"href":"https:\/\/firedrill.es\/index.php?rest_route=\/wp\/v2\/media\/150"}],"wp:attachment":[{"href":"https:\/\/firedrill.es\/index.php?rest_route=%2Fwp%2Fv2%2Fmedia&parent=149"}],"wp:term":[{"taxonomy":"product_brand","embeddable":true,"href":"https:\/\/firedrill.es\/index.php?rest_route=%2Fwp%2Fv2%2Fproduct_brand&post=149"},{"taxonomy":"product_cat","embeddable":true,"href":"https:\/\/firedrill.es\/index.php?rest_route=%2Fwp%2Fv2%2Fproduct_cat&post=149"},{"taxonomy":"product_tag","embeddable":true,"href":"https:\/\/firedrill.es\/index.php?rest_route=%2Fwp%2Fv2%2Fproduct_tag&post=149"}],"curies":[{"name":"wp","href":"https:\/\/api.w.org\/{rel}","templated":true}]}}