{"id":147,"date":"2025-08-31T15:52:11","date_gmt":"2025-08-31T15:52:11","guid":{"rendered":"https:\/\/firedrill.es\/?post_type=product&#038;p=147"},"modified":"2026-04-17T18:50:53","modified_gmt":"2026-04-17T18:50:53","slug":"rojo-punzo","status":"publish","type":"product","link":"https:\/\/firedrill.es\/?product=rojo-punzo","title":{"rendered":"Rojo punz\u00f3"},"content":{"rendered":"<p>Rojo Punz\u00f3 es la cr\u00f3nica de una iniciaci\u00f3n que tiene su punto de partida en la Argentina desencajada de los primeros meses del a\u00f1o 2002, cuando el env\u00e9s de la realidad pol\u00edtica y econ\u00f3mica ocup\u00f3 el frente de la escena y revel\u00f3 muchas cosas no dichas que est\u00e1n en la base de la vida social. La experiencia de esa rasgadura del velo abri\u00f3 diversas v\u00edas \u2014la singular experiencia argentina con el dinero y la moneda (corralito, patacones), el proto-cripto-peronismo del relato federal rioplatense, la negritud social argentina, la enigm\u00e1tica aventura moral de WH Hudson en el valle inferior del r\u00edo Negro, las formas de religiosidad popular no sancionadas por el poder\u2014 que confl uyen, todas, en un no-lugar, Somuncur\u00e1. Viajar a Somuncur\u00e1 es ir al encuentro de aquello que uno ha ido construyendo en lo m\u00e1s oculto: una imagen,una idea, una obsesi\u00f3n. El viaje que va perfi l\u00e1ndose en Rojo Punz\u00f3 es un incesante movimiento hacia ese n\u00facleo. En cierto modo, contar un viaje viene a ser la revelaci\u00f3n de un secreto. Ahora bien, ese secreto, por mucho que se muestre y salga a la luz, nunca deja de albergar una irreductible parte de sombra que resiste al relato, al an\u00e1lisis y a la confesi\u00f3n. Cada vez que se apunta hacia ese lugar secreto existe el riesgo \u2014casi la certidumbre\u2014 de que uno acabe top\u00e1ndose con otra cosa. El narrador de Rojo Punz\u00f3 acepta ese riesgo, esa diferencia, ese desv\u00edo: \u201cque no te deje varado, inm\u00f3vil, sino al contrario, que siempre te lance hacia adelante.\u201d<br \/>\nAUTOR\/ES<br \/>\nBarber\u00e1, Adolfo (1965- )<br \/>\nA\u00d1O<br \/>\n2015<br \/>\nDIMENSIONES<br \/>\n210 x 150 cm<br \/>\nPAGS.<br \/>\n200<br \/>\nISBN 13<br \/>\n978-84-938028-7-5<\/p>\n","protected":false},"excerpt":{"rendered":"<p>Rojo Punz\u00f3 es la cr\u00f3nica de una iniciaci\u00f3n que tiene su punto de partida en la Argentina desencajada de los primeros meses del a\u00f1o 2002, cuando el env\u00e9s de la realidad pol\u00edtica y econ\u00f3mica ocup\u00f3 el frente de la escena y revel\u00f3 muchas cosas no dichas que est\u00e1n en la base de la vida social. [&hellip;]<\/p>\n","protected":false},"featured_media":148,"comment_status":"open","ping_status":"closed","template":"","meta":[],"product_brand":[],"product_cat":[15],"product_tag":[],"class_list":{"0":"post-147","1":"product","2":"type-product","3":"status-publish","4":"has-post-thumbnail","6":"product_cat-sin-categorizar","8":"first","9":"instock","10":"shipping-taxable","11":"purchasable","12":"product-type-simple"},"_links":{"self":[{"href":"https:\/\/firedrill.es\/index.php?rest_route=\/wp\/v2\/product\/147","targetHints":{"allow":["GET"]}}],"collection":[{"href":"https:\/\/firedrill.es\/index.php?rest_route=\/wp\/v2\/product"}],"about":[{"href":"https:\/\/firedrill.es\/index.php?rest_route=\/wp\/v2\/types\/product"}],"replies":[{"embeddable":true,"href":"https:\/\/firedrill.es\/index.php?rest_route=%2Fwp%2Fv2%2Fcomments&post=147"}],"wp:featuredmedia":[{"embeddable":true,"href":"https:\/\/firedrill.es\/index.php?rest_route=\/wp\/v2\/media\/148"}],"wp:attachment":[{"href":"https:\/\/firedrill.es\/index.php?rest_route=%2Fwp%2Fv2%2Fmedia&parent=147"}],"wp:term":[{"taxonomy":"product_brand","embeddable":true,"href":"https:\/\/firedrill.es\/index.php?rest_route=%2Fwp%2Fv2%2Fproduct_brand&post=147"},{"taxonomy":"product_cat","embeddable":true,"href":"https:\/\/firedrill.es\/index.php?rest_route=%2Fwp%2Fv2%2Fproduct_cat&post=147"},{"taxonomy":"product_tag","embeddable":true,"href":"https:\/\/firedrill.es\/index.php?rest_route=%2Fwp%2Fv2%2Fproduct_tag&post=147"}],"curies":[{"name":"wp","href":"https:\/\/api.w.org\/{rel}","templated":true}]}}