{"id":145,"date":"2025-08-31T15:46:46","date_gmt":"2025-08-31T15:46:46","guid":{"rendered":"https:\/\/firedrill.es\/?post_type=product&#038;p=145"},"modified":"2026-03-31T08:13:06","modified_gmt":"2026-03-31T08:13:06","slug":"junio","status":"publish","type":"product","link":"https:\/\/firedrill.es\/?product=junio","title":{"rendered":"Junio"},"content":{"rendered":"<p>Para Adolfo Barber\u00e1 no hay poes\u00eda si no hay exploraci\u00f3n de los l\u00edmites y de las posibilidades de la lengua, aun a riesgo de acercarse peligrosamente a lo imposible. Todo lo dem\u00e1s es afectaci\u00f3n. Como parte de la habitual colaboraci\u00f3n con la editorial Fire Drill, el estudio L3C ha realizado el dise\u00f1o del poemario Junio del escritor Adolfo Barber\u00e1.<\/p>\n<p>AUTOR\/ES<br \/>\nBarber\u00e1, Adolfo (1965- )<br \/>\nA\u00d1O<br \/>\n2012<br \/>\nDIMENSIONES<br \/>\n210 x 150 cm<br \/>\nPAGS.<br \/>\n88<br \/>\nISBN 13<br \/>\n978-84-938028-2-0<\/p>\n","protected":false},"excerpt":{"rendered":"<p>Para Adolfo Barber\u00e1 no hay poes\u00eda si no hay exploraci\u00f3n de los l\u00edmites y de las posibilidades de la lengua, aun a riesgo de acercarse peligrosamente a lo imposible. Todo lo dem\u00e1s es afectaci\u00f3n. Como parte de la habitual colaboraci\u00f3n con la editorial Fire Drill, el estudio L3C ha realizado el dise\u00f1o del poemario Junio [&hellip;]<\/p>\n","protected":false},"featured_media":146,"comment_status":"open","ping_status":"closed","template":"","meta":[],"product_brand":[],"product_cat":[15],"product_tag":[],"class_list":{"0":"post-145","1":"product","2":"type-product","3":"status-publish","4":"has-post-thumbnail","6":"product_cat-sin-categorizar","8":"first","9":"instock","10":"shipping-taxable","11":"purchasable","12":"product-type-simple"},"_links":{"self":[{"href":"https:\/\/firedrill.es\/index.php?rest_route=\/wp\/v2\/product\/145","targetHints":{"allow":["GET"]}}],"collection":[{"href":"https:\/\/firedrill.es\/index.php?rest_route=\/wp\/v2\/product"}],"about":[{"href":"https:\/\/firedrill.es\/index.php?rest_route=\/wp\/v2\/types\/product"}],"replies":[{"embeddable":true,"href":"https:\/\/firedrill.es\/index.php?rest_route=%2Fwp%2Fv2%2Fcomments&post=145"}],"wp:featuredmedia":[{"embeddable":true,"href":"https:\/\/firedrill.es\/index.php?rest_route=\/wp\/v2\/media\/146"}],"wp:attachment":[{"href":"https:\/\/firedrill.es\/index.php?rest_route=%2Fwp%2Fv2%2Fmedia&parent=145"}],"wp:term":[{"taxonomy":"product_brand","embeddable":true,"href":"https:\/\/firedrill.es\/index.php?rest_route=%2Fwp%2Fv2%2Fproduct_brand&post=145"},{"taxonomy":"product_cat","embeddable":true,"href":"https:\/\/firedrill.es\/index.php?rest_route=%2Fwp%2Fv2%2Fproduct_cat&post=145"},{"taxonomy":"product_tag","embeddable":true,"href":"https:\/\/firedrill.es\/index.php?rest_route=%2Fwp%2Fv2%2Fproduct_tag&post=145"}],"curies":[{"name":"wp","href":"https:\/\/api.w.org\/{rel}","templated":true}]}}