{"id":142,"date":"2025-08-31T15:41:26","date_gmt":"2025-08-31T15:41:26","guid":{"rendered":"https:\/\/firedrill.es\/?post_type=product&#038;p=142"},"modified":"2026-04-04T02:38:15","modified_gmt":"2026-04-04T02:38:15","slug":"un-baburnama","status":"publish","type":"product","link":"https:\/\/firedrill.es\/?product=un-baburnama","title":{"rendered":"Un baburnama"},"content":{"rendered":"<p>Un Baburnama incluye por primera vez en espa\u00f1ol doce poemas de Babur, traducidos de versiones al ruso, y reproduce varias miniaturas de la legendaria primera edici\u00f3n ilustrada del libro en persa del siglo xvii. Babur (1483-1530), poeta, estratega militar, estadista, m\u00fasico, traductor, conquistador del Asia central y fundador del Imperio mogol, resulta una vez m\u00e1s, aqu\u00ed, coautor de los escritos que recuerdan su vida.<\/p>\n<p>A seiscientos a\u00f1os de que Babur diera escritura a sus memorias, el Baburnama, como todo contenido a ser le\u00eddo, a\u00fan permanece en la intemperie de las lecturas por venir, all\u00ed donde de alg\u00fan modo u otro su escritura se engrosa y transforma. Un Baburnama precisamente plantea un escenario tal. A la recapitulaci\u00f3n de las rutas de la edici\u00f3n original, sus traducciones e impresiones, se suma una serie de poemas tan poco baburinos como, podr\u00edamos decir, el mismo texto de Babur, en \u00faltima instancia resultado de la intervenci\u00f3n de una mir\u00edada de actores en estos \u00faltimos seis siglos. Un Baburnama tambi\u00e9n presenta por primera vez en espa\u00f1ol doce poemas de Babur, traducidos de versiones al ruso, y reproduce varias miniaturas de la legendaria primera edici\u00f3n ilustrada del libro en persa del siglo xvii. Babur (1483-1530), poeta, estratega militar, estadista, m\u00fasico, traductor, conquistador del Asia central y fundador del Imperio mogol, resulta una vez m\u00e1s, aqu\u00ed, coautor de los escritos que recuerdan su vida.<br \/>\nBabur se habla a s\u00ed mismo. Volviendo al Baburnama. Pareciera esto se desprende de sus memorias. El Baburnama recuerda los eventos de Babur en tanto \u00e9ste los diga, ni m\u00e1s ni menos. Y diga todos los eventos. Que para \u00e9l significa todo, sin m\u00e1s. Y lo que dice, porque lo dice, es cierto. Babur es verdadero porque dice s\u00f3lo la verdad. El candor que irradia de \u00e9l al advertir este mecanismo arroja un manto indeleble de ingenuidad a sus chistes, sus moralejas, sus reproches, los cuales se transforman inmediatamente en actos de pura valent\u00eda.<\/p>\n<p>AUTOR\/ES<br \/>\nRom\u00e1n Antopolsky<br \/>\nA\u00d1O<br \/>\n2020<br \/>\nCARACTER\u00cdSTICAS<br \/>\n210 x 150 cm<br \/>\n350 gr.<br \/>\nRustica fresada<br \/>\nPAGS.<br \/>\n162<br \/>\nISBN: 978-84-946293-6-5<\/p>\n","protected":false},"excerpt":{"rendered":"<p>Un Baburnama incluye por primera vez en espa\u00f1ol doce poemas de Babur, traducidos de versiones al ruso, y reproduce varias miniaturas de la legendaria primera edici\u00f3n ilustrada del libro en persa del siglo xvii. Babur (1483-1530), poeta, estratega militar, estadista, m\u00fasico, traductor, conquistador del Asia central y fundador del Imperio mogol, resulta una vez m\u00e1s, [&hellip;]<\/p>\n","protected":false},"featured_media":143,"comment_status":"open","ping_status":"closed","template":"","meta":[],"product_brand":[],"product_cat":[15],"product_tag":[],"class_list":{"0":"post-142","1":"product","2":"type-product","3":"status-publish","4":"has-post-thumbnail","6":"product_cat-sin-categorizar","8":"first","9":"instock","10":"shipping-taxable","11":"purchasable","12":"product-type-simple"},"_links":{"self":[{"href":"https:\/\/firedrill.es\/index.php?rest_route=\/wp\/v2\/product\/142","targetHints":{"allow":["GET"]}}],"collection":[{"href":"https:\/\/firedrill.es\/index.php?rest_route=\/wp\/v2\/product"}],"about":[{"href":"https:\/\/firedrill.es\/index.php?rest_route=\/wp\/v2\/types\/product"}],"replies":[{"embeddable":true,"href":"https:\/\/firedrill.es\/index.php?rest_route=%2Fwp%2Fv2%2Fcomments&post=142"}],"wp:featuredmedia":[{"embeddable":true,"href":"https:\/\/firedrill.es\/index.php?rest_route=\/wp\/v2\/media\/143"}],"wp:attachment":[{"href":"https:\/\/firedrill.es\/index.php?rest_route=%2Fwp%2Fv2%2Fmedia&parent=142"}],"wp:term":[{"taxonomy":"product_brand","embeddable":true,"href":"https:\/\/firedrill.es\/index.php?rest_route=%2Fwp%2Fv2%2Fproduct_brand&post=142"},{"taxonomy":"product_cat","embeddable":true,"href":"https:\/\/firedrill.es\/index.php?rest_route=%2Fwp%2Fv2%2Fproduct_cat&post=142"},{"taxonomy":"product_tag","embeddable":true,"href":"https:\/\/firedrill.es\/index.php?rest_route=%2Fwp%2Fv2%2Fproduct_tag&post=142"}],"curies":[{"name":"wp","href":"https:\/\/api.w.org\/{rel}","templated":true}]}}