{"id":140,"date":"2025-08-31T15:38:54","date_gmt":"2025-08-31T15:38:54","guid":{"rendered":"https:\/\/firedrill.es\/?post_type=product&#038;p=140"},"modified":"2026-04-19T05:49:15","modified_gmt":"2026-04-19T05:49:15","slug":"una-poetica-del-etcetera-juan-hidalgo-y-la-fractura-documental","status":"publish","type":"product","link":"https:\/\/firedrill.es\/?product=una-poetica-del-etcetera-juan-hidalgo-y-la-fractura-documental","title":{"rendered":"Una po\u00e9tica del etc\u00e9tera. Juan Hidalgo y la fractura documental"},"content":{"rendered":"<p>Un texto basado en su conferencia pronunciada en el IVAM de Valencia el d\u00eda 6 de marzo de 2018 con motivo de la presentaci\u00f3n del proyecto El mundo en un cond\u00f3n, d\u00edas despu\u00e9s de la desaparici\u00f3n del artista. David P\u00e9rez es licenciado en Filosof\u00eda y en Historia del Arte. Doctor en Bellas Artes. Catedr\u00e1tico de \u201cClaves del discurso art\u00edstico contempor\u00e1neo\u201d en la Universitat Polit\u00e8cnica de Val\u00e8ncia. Entre sus libros destacan: La mirada contra la Historia (Cimal, 1995), Femenino, Plural. Reflexiones desde la diversidad (Generalitat Valenciana, 1996), Del arte impuro. Entre lo p\u00fablico y lo privado (Generalitat Valenciana, 1997), Malas artes. Experiencia est\u00e9tica y legitimaci\u00f3n institucional (CENDEAC, 2003), La certeza vulnerable. Cuerpo y fotograf\u00eda en el siglo XX I (Gustavo Gili, 2004) y Dicho y hecho. Textos de artista y teor\u00eda del arte (ARTIUM, 2012), Fuera de campo. Leer el espacio desde las artes (Sendem\u00e0, 2014) y Leer lo no vivido (IVAM, 2016).<\/p>\n<p>AUTOR\/ES<br \/>\nDavid P\u00e9rez<br \/>\nA\u00d1O<br \/>\n2018<br \/>\nCARACTER\u00cdSTICAS<br \/>\n210 x 150 cm<br \/>\n350 gr.<br \/>\nRustica fresada<br \/>\nPAGS.<br \/>\n156<br \/>\nISBN 13<br \/>\nISBN: 978-84-946293-3-4<\/p>\n","protected":false},"excerpt":{"rendered":"<p>Un texto basado en su conferencia pronunciada en el IVAM de Valencia el d\u00eda 6 de marzo de 2018 con motivo de la presentaci\u00f3n del proyecto El mundo en un cond\u00f3n, d\u00edas despu\u00e9s de la desaparici\u00f3n del artista. David P\u00e9rez es licenciado en Filosof\u00eda y en Historia del Arte. Doctor en Bellas Artes. Catedr\u00e1tico de [&hellip;]<\/p>\n","protected":false},"featured_media":141,"comment_status":"open","ping_status":"closed","template":"","meta":[],"product_brand":[],"product_cat":[32],"product_tag":[],"class_list":{"0":"post-140","1":"product","2":"type-product","3":"status-publish","4":"has-post-thumbnail","6":"product_cat-conferencias","8":"first","9":"instock","10":"shipping-taxable","11":"purchasable","12":"product-type-simple"},"_links":{"self":[{"href":"https:\/\/firedrill.es\/index.php?rest_route=\/wp\/v2\/product\/140","targetHints":{"allow":["GET"]}}],"collection":[{"href":"https:\/\/firedrill.es\/index.php?rest_route=\/wp\/v2\/product"}],"about":[{"href":"https:\/\/firedrill.es\/index.php?rest_route=\/wp\/v2\/types\/product"}],"replies":[{"embeddable":true,"href":"https:\/\/firedrill.es\/index.php?rest_route=%2Fwp%2Fv2%2Fcomments&post=140"}],"wp:featuredmedia":[{"embeddable":true,"href":"https:\/\/firedrill.es\/index.php?rest_route=\/wp\/v2\/media\/141"}],"wp:attachment":[{"href":"https:\/\/firedrill.es\/index.php?rest_route=%2Fwp%2Fv2%2Fmedia&parent=140"}],"wp:term":[{"taxonomy":"product_brand","embeddable":true,"href":"https:\/\/firedrill.es\/index.php?rest_route=%2Fwp%2Fv2%2Fproduct_brand&post=140"},{"taxonomy":"product_cat","embeddable":true,"href":"https:\/\/firedrill.es\/index.php?rest_route=%2Fwp%2Fv2%2Fproduct_cat&post=140"},{"taxonomy":"product_tag","embeddable":true,"href":"https:\/\/firedrill.es\/index.php?rest_route=%2Fwp%2Fv2%2Fproduct_tag&post=140"}],"curies":[{"name":"wp","href":"https:\/\/api.w.org\/{rel}","templated":true}]}}