{"id":139,"date":"2025-08-31T15:23:21","date_gmt":"2025-08-31T15:23:21","guid":{"rendered":"https:\/\/firedrill.es\/?post_type=product&#038;p=139"},"modified":"2026-03-31T12:35:55","modified_gmt":"2026-03-31T12:35:55","slug":"139","status":"publish","type":"product","link":"https:\/\/firedrill.es\/?product=139","title":{"rendered":"Antipanfleto"},"content":{"rendered":"<p>Javier Sapena<br \/>\nA\u00d1O<br \/>\n2021<br \/>\nCARACTER\u00cdSTICAS<br \/>\n210 x 150 cm<br \/>\n350 gr.<br \/>\nRustica fresada<br \/>\nPAGS.<br \/>\n120<br \/>\nISBN 13<br \/>\nISBN: 978-84-946293-9-6<\/p>\n<p>El ensayo se centra en las aportaciones de los Esquizos Neomodernos a principio de los a\u00f1os 70 en Espa\u00f1a para la renovaci\u00f3n de las artes: pintura como goce antivanguardista, dandismo y esquizofrenia, manierismo conceptual, y sentimiento urbano como activismo cotidiano y terreno de acci\u00f3n pol\u00edtica.<\/p>\n","protected":false},"excerpt":{"rendered":"<p>Javier Sapena A\u00d1O 2021 CARACTER\u00cdSTICAS 210 x 150 cm 350 gr. Rustica fresada PAGS. 120 ISBN 13 ISBN: 978-84-946293-9-6 El ensayo se centra en las aportaciones de los Esquizos Neomodernos a principio de los a\u00f1os 70 en Espa\u00f1a para la renovaci\u00f3n de las artes: pintura como goce antivanguardista, dandismo y esquizofrenia, manierismo conceptual, y sentimiento [&hellip;]<\/p>\n","protected":false},"featured_media":144,"comment_status":"open","ping_status":"closed","template":"","meta":[],"product_brand":[],"product_cat":[15],"product_tag":[],"class_list":{"0":"post-139","1":"product","2":"type-product","3":"status-publish","4":"has-post-thumbnail","6":"product_cat-sin-categorizar","8":"first","9":"instock","10":"shipping-taxable","11":"purchasable","12":"product-type-simple"},"_links":{"self":[{"href":"https:\/\/firedrill.es\/index.php?rest_route=\/wp\/v2\/product\/139","targetHints":{"allow":["GET"]}}],"collection":[{"href":"https:\/\/firedrill.es\/index.php?rest_route=\/wp\/v2\/product"}],"about":[{"href":"https:\/\/firedrill.es\/index.php?rest_route=\/wp\/v2\/types\/product"}],"replies":[{"embeddable":true,"href":"https:\/\/firedrill.es\/index.php?rest_route=%2Fwp%2Fv2%2Fcomments&post=139"}],"wp:featuredmedia":[{"embeddable":true,"href":"https:\/\/firedrill.es\/index.php?rest_route=\/wp\/v2\/media\/144"}],"wp:attachment":[{"href":"https:\/\/firedrill.es\/index.php?rest_route=%2Fwp%2Fv2%2Fmedia&parent=139"}],"wp:term":[{"taxonomy":"product_brand","embeddable":true,"href":"https:\/\/firedrill.es\/index.php?rest_route=%2Fwp%2Fv2%2Fproduct_brand&post=139"},{"taxonomy":"product_cat","embeddable":true,"href":"https:\/\/firedrill.es\/index.php?rest_route=%2Fwp%2Fv2%2Fproduct_cat&post=139"},{"taxonomy":"product_tag","embeddable":true,"href":"https:\/\/firedrill.es\/index.php?rest_route=%2Fwp%2Fv2%2Fproduct_tag&post=139"}],"curies":[{"name":"wp","href":"https:\/\/api.w.org\/{rel}","templated":true}]}}