{"id":189,"date":"2025-09-05T17:15:03","date_gmt":"2025-09-05T17:15:03","guid":{"rendered":"https:\/\/firedrill.es\/?page_id=189"},"modified":"2025-09-05T17:33:11","modified_gmt":"2025-09-05T17:33:11","slug":"noticias","status":"publish","type":"page","link":"https:\/\/firedrill.es\/?page_id=189","title":{"rendered":"Novedades"},"content":{"rendered":"\n<p><\/p>\n\n\n\n<div class=\"wp-block-query is-layout-flow wp-block-query-is-layout-flow\"><ul class=\"wp-block-post-template is-layout-flow wp-block-post-template-is-layout-flow\"><li class=\"wp-block-post post-206 post type-post status-publish format-standard has-post-thumbnail hentry category-tesis\">\n\n<div class=\"wp-block-columns alignwide is-layout-flex wp-container-core-columns-is-layout-28f84493 wp-block-columns-is-layout-flex\">\n<div class=\"wp-block-column is-layout-flow wp-block-column-is-layout-flow\" style=\"flex-basis:66.66%\"><figure class=\"wp-block-post-featured-image\"><a href=\"https:\/\/firedrill.es\/?p=206\" target=\"_self\"  ><img loading=\"lazy\" decoding=\"async\" width=\"724\" height=\"1024\" src=\"https:\/\/firedrill.es\/wp-content\/uploads\/2025\/09\/Tesis-Aledo_cubiertas-724x1024.jpg\" class=\"attachment-large size-large wp-post-image\" alt=\"Restauraci\u00f3n de la Tesis de Jaime Aledo: Luis Gordillo y la Figuraci\u00f3n Madrile\u00f1a de los setenta (1986)\" style=\"object-fit:cover;\" srcset=\"https:\/\/firedrill.es\/wp-content\/uploads\/2025\/09\/Tesis-Aledo_cubiertas-724x1024.jpg 724w, https:\/\/firedrill.es\/wp-content\/uploads\/2025\/09\/Tesis-Aledo_cubiertas-212x300.jpg 212w, https:\/\/firedrill.es\/wp-content\/uploads\/2025\/09\/Tesis-Aledo_cubiertas-768x1086.jpg 768w, https:\/\/firedrill.es\/wp-content\/uploads\/2025\/09\/Tesis-Aledo_cubiertas-300x424.jpg 300w, https:\/\/firedrill.es\/wp-content\/uploads\/2025\/09\/Tesis-Aledo_cubiertas-600x848.jpg 600w, https:\/\/firedrill.es\/wp-content\/uploads\/2025\/09\/Tesis-Aledo_cubiertas.jpg 1061w\" sizes=\"auto, (max-width: 724px) 100vw, 724px\" \/><\/a><\/figure><\/div>\n\n\n\n<div class=\"wp-block-column is-layout-flow wp-block-column-is-layout-flow\" style=\"flex-basis:33.33%\"><h2 class=\"wp-block-post-title\"><a href=\"https:\/\/firedrill.es\/?p=206\" target=\"_self\" >Restauraci\u00f3n de la Tesis de Jaime Aledo: Luis Gordillo y la Figuraci\u00f3n Madrile\u00f1a de los setenta (1986)<\/a><\/h2>\n\n<div class=\"wp-block-post-excerpt\"><p class=\"wp-block-post-excerpt__excerpt\">Proximo lanzamiento: Reservar en firedrill.ediciones@gmail.com La edici\u00f3n de la Tesis Doctoral Luis Gordillo y la Figuraci\u00f3n Madrile\u00f1a de los setenta de Jaime Gonz\u00e1lez de Aledo Codina (Jaime Aledo) se presenta como una restauraci\u00f3n \u00edntegra del contenido que se defendi\u00f3 en el a\u00f1o 1987. No se trata de una edici\u00f3n facs\u00edmil del original, realizado mediante m\u00e1quina<\/p><p class=\"wp-block-post-excerpt__more-text\"><a class=\"wp-block-post-excerpt__more-link\" href=\"https:\/\/firedrill.es\/?p=206\">+<\/a><\/p><\/div><\/div>\n<\/div>\n\n<\/li><li class=\"wp-block-post post-93 post type-post status-publish format-standard has-post-thumbnail hentry category-mudanzas category-psicogeografia tag-mudanzas tag-psicogeografia\">\n\n<div class=\"wp-block-columns alignwide is-layout-flex wp-container-core-columns-is-layout-28f84493 wp-block-columns-is-layout-flex\">\n<div class=\"wp-block-column is-layout-flow wp-block-column-is-layout-flow\" style=\"flex-basis:66.66%\"><figure class=\"wp-block-post-featured-image\"><a href=\"https:\/\/firedrill.es\/?p=93\" target=\"_self\"  ><img loading=\"lazy\" decoding=\"async\" width=\"732\" height=\"1024\" src=\"https:\/\/firedrill.es\/wp-content\/uploads\/2025\/08\/portada_calor_de_lud-01-732x1024.jpeg\" class=\"attachment-large size-large wp-post-image\" alt=\"Celebramos el 50 aniversario de Calor de Lud\" style=\"object-fit:cover;\" srcset=\"https:\/\/firedrill.es\/wp-content\/uploads\/2025\/08\/portada_calor_de_lud-01-732x1024.jpeg 732w, https:\/\/firedrill.es\/wp-content\/uploads\/2025\/08\/portada_calor_de_lud-01-300x420.jpeg 300w, https:\/\/firedrill.es\/wp-content\/uploads\/2025\/08\/portada_calor_de_lud-01-600x840.jpeg 600w, https:\/\/firedrill.es\/wp-content\/uploads\/2025\/08\/portada_calor_de_lud-01-214x300.jpeg 214w, https:\/\/firedrill.es\/wp-content\/uploads\/2025\/08\/portada_calor_de_lud-01-768x1075.jpeg 768w, https:\/\/firedrill.es\/wp-content\/uploads\/2025\/08\/portada_calor_de_lud-01-1097x1536.jpeg 1097w, https:\/\/firedrill.es\/wp-content\/uploads\/2025\/08\/portada_calor_de_lud-01-1463x2048.jpeg 1463w, https:\/\/firedrill.es\/wp-content\/uploads\/2025\/08\/portada_calor_de_lud-01-1320x1847.jpeg 1320w, https:\/\/firedrill.es\/wp-content\/uploads\/2025\/08\/portada_calor_de_lud-01.jpeg 1772w\" sizes=\"auto, (max-width: 732px) 100vw, 732px\" \/><\/a><\/figure><\/div>\n\n\n\n<div class=\"wp-block-column is-layout-flow wp-block-column-is-layout-flow\" style=\"flex-basis:33.33%\"><h2 class=\"wp-block-post-title\"><a href=\"https:\/\/firedrill.es\/?p=93\" target=\"_self\" >Celebramos el 50 aniversario de Calor de Lud<\/a><\/h2>\n\n<div class=\"wp-block-post-excerpt\"><p class=\"wp-block-post-excerpt__excerpt\">El traductor al espa\u00f1ol de Lud Heat, Adolfo Barbera\u0301 Del Rosal, presenta el ensayoVo\u0301rtices de Iain Sinclair: Calor de Lud Heat para celebrar el 50 aniversario de su publicaci\u00f3n en Londres. El primer texto que se presenta se centra en las circunstancias que rodearon la publicaci\u00f3n de Lud Heat (Calor de Lud, Fire Drill, 2016)<\/p><p class=\"wp-block-post-excerpt__more-text\"><a class=\"wp-block-post-excerpt__more-link\" href=\"https:\/\/firedrill.es\/?p=93\">+<\/a><\/p><\/div><\/div>\n<\/div>\n\n<\/li><li class=\"wp-block-post post-1 post type-post status-publish format-standard has-post-thumbnail hentry category-uncategorized\">\n\n<div class=\"wp-block-columns alignwide is-layout-flex wp-container-core-columns-is-layout-28f84493 wp-block-columns-is-layout-flex\">\n<div class=\"wp-block-column is-layout-flow wp-block-column-is-layout-flow\" style=\"flex-basis:66.66%\"><figure class=\"wp-block-post-featured-image\"><a href=\"https:\/\/firedrill.es\/?p=1\" target=\"_self\"  ><img loading=\"lazy\" decoding=\"async\" width=\"800\" height=\"160\" src=\"https:\/\/firedrill.es\/wp-content\/uploads\/2025\/09\/cropped-firedrill-2025-1024x205.jpg\" class=\"attachment-large size-large wp-post-image\" alt=\"2025\" style=\"object-fit:cover;\" srcset=\"https:\/\/firedrill.es\/wp-content\/uploads\/2025\/09\/cropped-firedrill-2025-1024x205.jpg 1024w, https:\/\/firedrill.es\/wp-content\/uploads\/2025\/09\/cropped-firedrill-2025-300x60.jpg 300w, https:\/\/firedrill.es\/wp-content\/uploads\/2025\/09\/cropped-firedrill-2025-600x120.jpg 600w, https:\/\/firedrill.es\/wp-content\/uploads\/2025\/09\/cropped-firedrill-2025-768x153.jpg 768w, https:\/\/firedrill.es\/wp-content\/uploads\/2025\/09\/cropped-firedrill-2025.jpg 1417w\" sizes=\"auto, (max-width: 800px) 100vw, 800px\" \/><\/a><\/figure><\/div>\n\n\n\n<div class=\"wp-block-column is-layout-flow wp-block-column-is-layout-flow\" style=\"flex-basis:33.33%\"><h2 class=\"wp-block-post-title\"><a href=\"https:\/\/firedrill.es\/?p=1\" target=\"_self\" >2025<\/a><\/h2>\n\n<div class=\"wp-block-post-excerpt\"><p class=\"wp-block-post-excerpt__excerpt\">En septiembre abrimos nuevo site de Fire Drill.<\/p><p class=\"wp-block-post-excerpt__more-text\"><a class=\"wp-block-post-excerpt__more-link\" href=\"https:\/\/firedrill.es\/?p=1\">+<\/a><\/p><\/div><\/div>\n<\/div>\n\n<\/li><\/ul><\/div>\n","protected":false},"excerpt":{"rendered":"","protected":false},"author":1,"featured_media":0,"parent":0,"menu_order":0,"comment_status":"closed","ping_status":"closed","template":"","meta":{"footnotes":""},"class_list":["post-189","page","type-page","status-publish","hentry"],"_links":{"self":[{"href":"https:\/\/firedrill.es\/index.php?rest_route=\/wp\/v2\/pages\/189","targetHints":{"allow":["GET"]}}],"collection":[{"href":"https:\/\/firedrill.es\/index.php?rest_route=\/wp\/v2\/pages"}],"about":[{"href":"https:\/\/firedrill.es\/index.php?rest_route=\/wp\/v2\/types\/page"}],"author":[{"embeddable":true,"href":"https:\/\/firedrill.es\/index.php?rest_route=\/wp\/v2\/users\/1"}],"replies":[{"embeddable":true,"href":"https:\/\/firedrill.es\/index.php?rest_route=%2Fwp%2Fv2%2Fcomments&post=189"}],"version-history":[{"count":7,"href":"https:\/\/firedrill.es\/index.php?rest_route=\/wp\/v2\/pages\/189\/revisions"}],"predecessor-version":[{"id":203,"href":"https:\/\/firedrill.es\/index.php?rest_route=\/wp\/v2\/pages\/189\/revisions\/203"}],"wp:attachment":[{"href":"https:\/\/firedrill.es\/index.php?rest_route=%2Fwp%2Fv2%2Fmedia&parent=189"}],"curies":[{"name":"wp","href":"https:\/\/api.w.org\/{rel}","templated":true}]}}