{"id":161,"date":"2025-08-31T16:10:33","date_gmt":"2025-08-31T16:10:33","guid":{"rendered":"https:\/\/firedrill.es\/?page_id=161"},"modified":"2025-09-05T16:45:24","modified_gmt":"2025-09-05T16:45:24","slug":"fire-drill","status":"publish","type":"page","link":"https:\/\/firedrill.es\/?page_id=161","title":{"rendered":"Fire Drill"},"content":{"rendered":"\n<figure class=\"wp-block-image size-large\"><img loading=\"lazy\" decoding=\"async\" width=\"1024\" height=\"768\" src=\"https:\/\/firedrill.es\/wp-content\/uploads\/2025\/08\/DSC00127-1024x768.jpg\" alt=\"\" class=\"wp-image-88\" srcset=\"https:\/\/firedrill.es\/wp-content\/uploads\/2025\/08\/DSC00127-1024x768.jpg 1024w, https:\/\/firedrill.es\/wp-content\/uploads\/2025\/08\/DSC00127-300x225.jpg 300w, https:\/\/firedrill.es\/wp-content\/uploads\/2025\/08\/DSC00127-600x450.jpg 600w, https:\/\/firedrill.es\/wp-content\/uploads\/2025\/08\/DSC00127-768x576.jpg 768w, https:\/\/firedrill.es\/wp-content\/uploads\/2025\/08\/DSC00127-1536x1152.jpg 1536w, https:\/\/firedrill.es\/wp-content\/uploads\/2025\/08\/DSC00127-2048x1536.jpg 2048w, https:\/\/firedrill.es\/wp-content\/uploads\/2025\/08\/DSC00127-1320x990.jpg 1320w\" sizes=\"auto, (max-width: 1024px) 100vw, 1024px\" \/><\/figure>\n\n\n\n<p>El objetivo de Fire Drill es la producci\u00f3n de publicaciones en el \u00e1mbito del arte y la creaci\u00f3n literaria. El proyecto de Fire Drill est\u00e1 decididamente orientado a la investigaci\u00f3n sobre las relaciones entre arte y literatura desde planteamientos personales.<\/p>\n\n\n\n<p>El equipo que promueve las iniciativas de Fire Drill est\u00e1 compuesto por Paco de la Torre, Teresa Tom\u00e1s y Frank Rose, con el apoyo del estudio de dise\u00f1o L3C Multimedia.<\/p>\n\n\n\n<p>Entre sus proyectos m\u00e1s emblem\u00e1ticos cabe destacar El acertado pie de DL, una trilog\u00eda en torno Las soledades de Luis de G\u00f3ngora que incluye un ensayo, un cat\u00e1logo de pintura y una novela. O Mundos, en su edici\u00f3n electr\u00f3nica y su formato f\u00edsico, una revista que explora la constelaci\u00f3n de autores que orbita en torno a las claves de la editorial.<\/p>\n\n\n\n<p><a href=\"mailto:firedrill.ediciones@gmail.com\">firedrill.ediciones@gmail.com<\/a><br><\/p>\n\n\n\n<p><\/p>\n","protected":false},"excerpt":{"rendered":"<p>El objetivo de Fire Drill es la producci\u00f3n de publicaciones en el \u00e1mbito del arte y la creaci\u00f3n literaria. El proyecto de Fire Drill est\u00e1 decididamente orientado a la investigaci\u00f3n sobre las relaciones entre arte y literatura desde planteamientos personales. El equipo que promueve las iniciativas de Fire Drill est\u00e1 compuesto por Paco de la [&hellip;]<\/p>\n","protected":false},"author":1,"featured_media":0,"parent":0,"menu_order":0,"comment_status":"closed","ping_status":"closed","template":"","meta":{"footnotes":""},"class_list":["post-161","page","type-page","status-publish","hentry"],"_links":{"self":[{"href":"https:\/\/firedrill.es\/index.php?rest_route=\/wp\/v2\/pages\/161","targetHints":{"allow":["GET"]}}],"collection":[{"href":"https:\/\/firedrill.es\/index.php?rest_route=\/wp\/v2\/pages"}],"about":[{"href":"https:\/\/firedrill.es\/index.php?rest_route=\/wp\/v2\/types\/page"}],"author":[{"embeddable":true,"href":"https:\/\/firedrill.es\/index.php?rest_route=\/wp\/v2\/users\/1"}],"replies":[{"embeddable":true,"href":"https:\/\/firedrill.es\/index.php?rest_route=%2Fwp%2Fv2%2Fcomments&post=161"}],"version-history":[{"count":7,"href":"https:\/\/firedrill.es\/index.php?rest_route=\/wp\/v2\/pages\/161\/revisions"}],"predecessor-version":[{"id":179,"href":"https:\/\/firedrill.es\/index.php?rest_route=\/wp\/v2\/pages\/161\/revisions\/179"}],"wp:attachment":[{"href":"https:\/\/firedrill.es\/index.php?rest_route=%2Fwp%2Fv2%2Fmedia&parent=161"}],"curies":[{"name":"wp","href":"https:\/\/api.w.org\/{rel}","templated":true}]}}